{"id":555,"date":"2023-06-27T23:15:44","date_gmt":"2023-06-27T23:15:44","guid":{"rendered":"https:\/\/cimemorianormalismo.com.mx\/?page_id=555"},"modified":"2023-06-27T23:56:12","modified_gmt":"2023-06-27T23:56:12","slug":"resena-escuela-normal-rural-gral-matias-ramos-santos","status":"publish","type":"page","link":"https:\/\/cimemorianormalismo.com.mx\/index.php\/resena-escuela-normal-rural-gral-matias-ramos-santos\/","title":{"rendered":"Rese\u00f1a: Escuela Normal Rural \u201cGral. Mat\u00edas Ramos Santos\u201d"},"content":{"rendered":"<div data-colibri-id=\"555-c1\" class=\"style-761 style-local-555-c1 position-relative\">\n  <!---->\n  <div data-colibri-component=\"section\" data-colibri-id=\"555-c24\" id=\"custom\" class=\"h-section h-section-global-spacing d-flex align-items-lg-center align-items-md-center align-items-center style-784 style-local-555-c24 position-relative\">\n    <!---->\n    <!---->\n    <div class=\"h-section-grid-container h-section-boxed-container\">\n      <!---->\n      <div data-colibri-id=\"555-c25\" class=\"h-row-container gutters-row-lg-2 gutters-row-md-2 gutters-row-0 gutters-row-v-lg-2 gutters-row-v-md-2 gutters-row-v-2 style-785 style-local-555-c25 position-relative\">\n        <!---->\n        <div class=\"h-row justify-content-lg-center justify-content-md-center justify-content-center align-items-lg-stretch align-items-md-stretch align-items-stretch gutters-col-lg-2 gutters-col-md-2 gutters-col-0 gutters-col-v-lg-2 gutters-col-v-md-2 gutters-col-v-2\">\n          <!---->\n          <div class=\"h-column h-column-container d-flex h-col-lg-auto h-col-md-auto h-col-auto style-786-outer style-local-555-c26-outer\">\n            <div data-colibri-id=\"555-c26\" class=\"d-flex h-flex-basis h-column__inner h-px-lg-2 h-px-md-2 h-px-2 v-inner-lg-2 v-inner-md-2 v-inner-2 style-786 style-local-555-c26 position-relative\">\n              <!---->\n              <!---->\n              <div class=\"w-100 h-y-container h-column__content h-column__v-align flex-basis-100 align-self-lg-start align-self-md-start align-self-start\">\n                <!---->\n                <div data-colibri-id=\"555-c28\" class=\"d-block style-788 style-local-555-c28 position-relative h-element\">\n                  <!---->\n                  <div class=\"h-image__frame-container-outer\">\n                    <div class=\"h-image__frame-container\">\n                      <!---->\n                      <!---->\n                      <img fetchpriority=\"high\" decoding=\"async\" width=\"1414\" height=\"2000\" src=\"http:\/\/cimemorianormalismo.com.mx\/wp-content\/uploads\/2023\/06\/portada-resena.png\" class=\"wp-image-558 style-788-image style-local-555-c28-image\" alt=\"\" srcset=\"https:\/\/cimemorianormalismo.com.mx\/wp-content\/uploads\/2023\/06\/portada-resena.png 1414w, https:\/\/cimemorianormalismo.com.mx\/wp-content\/uploads\/2023\/06\/portada-resena-212x300.png 212w, https:\/\/cimemorianormalismo.com.mx\/wp-content\/uploads\/2023\/06\/portada-resena-724x1024.png 724w, https:\/\/cimemorianormalismo.com.mx\/wp-content\/uploads\/2023\/06\/portada-resena-768x1086.png 768w, https:\/\/cimemorianormalismo.com.mx\/wp-content\/uploads\/2023\/06\/portada-resena-1086x1536.png 1086w\" sizes=\"(max-width: 1414px) 100vw, 1414px\" \/>\n                      <div class=\"h-image__frame h-hide-lg h-hide-md h-hide-sm style-788-frameImage style-local-555-c28-frameImage\"><\/div>\n                    <\/div>\n                  <\/div>\n                <\/div>\n              <\/div>\n            <\/div>\n          <\/div>\n          <div class=\"h-column h-column-container d-flex h-col-lg-auto h-col-md-auto h-col-auto style-787-outer style-local-555-c27-outer\">\n            <div data-colibri-id=\"555-c27\" class=\"d-flex h-flex-basis h-column__inner h-px-lg-2 h-px-md-2 h-px-2 v-inner-lg-2 v-inner-md-2 v-inner-2 style-787 style-local-555-c27 position-relative\">\n              <!---->\n              <!---->\n              <div class=\"w-100 h-y-container h-column__content h-column__v-align flex-basis-100 align-self-lg-start align-self-md-start align-self-start\">\n                <!---->\n                <div data-colibri-id=\"555-c29\" class=\"h-text h-text-component style-789 style-local-555-c29 position-relative h-element\">\n                  <!---->\n                  <!---->\n                  <div class=\"\">\n                    <p>La escuela Normal Rural \u201cGral. Mat\u00edas Ramos Santos\u201d de San Marcos, Loreto, Zacatecas, inicia funciones en su actual ubicaci\u00f3n el 3 de septiembre de 1933, cuenta con 90 a\u00f1os ininterrumpidos de formaci\u00f3n de maestros rurales en el sureste\n                      zacatecano. Los antecedentes de esta hist\u00f3rica instituci\u00f3n, se remontan al proyecto que surge a la sombra de la revoluci\u00f3n mexicana de 1910. Comparte su origen con el naciente subsistema de Normales Rurales (NR) emergente a partir\n                      de 1922.&nbsp;&nbsp;&nbsp;<\/p>\n                    <p>El presidente Plutarco El\u00edas Calles construy\u00f3 entre 1924-1926 varias escuelas para la formaci\u00f3n de maestros rurales, entre ellas la de San Juan del R\u00edo, Quer\u00e9taro. En esta latitud se fund\u00f3 el primero de febrero de 1926 la NR gracias\n                      al empe\u00f1o decidido de sus vecinos. El lugar limit\u00f3 con la capital estatal. Logr\u00f3 mantener una matr\u00edcula de 33 estudiantes. Su fundaci\u00f3n fue producto de condiciones experimentales de un modelo formativo de maestros destinados a atender\n                      la realidad social del campo mexicano, en escuelas-internado para hijos de campesinos.&nbsp;<\/p>\n                    <p>La administraci\u00f3n de la NR de San Juan del R\u00edo se desenvolvi\u00f3 entre dificultades y tropiezos bajo la direcci\u00f3n del Profr. Mart\u00edn V. Gonz\u00e1lez. El Jefe de Misiones Culturales y orientador pedag\u00f3gico de la Escuela Rural Mexicana, el maestro\n                      Rafael Ram\u00edrez -despu\u00e9s de varios se\u00f1alamientos- dictamin\u00f3 que el cambio de \u00e9sta era necesario a un lugar m\u00e1s favorable (AGN, 1929) y obedec\u00eda a que la regi\u00f3n no correspond\u00eda a la categor\u00eda del plantel. Quer\u00e9taro no fue suelo f\u00e9rtil\n                      para sembrar la semilla de la escuela nueva; su traslado era inminente&nbsp;<\/p>\n                    <p>En 1927 Alfredo E. Uruchurtu, Oficial Mayor de la Secretar\u00eda de Educaci\u00f3n P\u00fablica (SEP) aval\u00f3 la petici\u00f3n del gobernador de Zacatecas, Fernando Rodarte para contar con una escuela de este tipo en la entidad (AGN, 1927), gesti\u00f3n mantenida\n                      con ah\u00ednco por Alfonso Medina -conocido como el Zapata de Zacatecas-. Es as\u00ed como se toma la decisi\u00f3n el 19 septiembre de 1929 de reubicar la NR queretana, y llevarla a un nuevo destino. Finalmente, el 5 de febrero de 1930 Zacatecas\n                      recibi\u00f3 las pertenencias, a 15 alumnos que terminar\u00edan sus estudios en la entidad y algunos trabajadores provenientes de la extinta NR de Quer\u00e9taro en la estaci\u00f3n ferroviaria de R\u00edo Grande. El profesor Manuel Bautista Reyes,<\/p>\n                    <p>\n                      <br>\n                    <\/p>\n                  <\/div>\n                <\/div>\n              <\/div>\n            <\/div>\n          <\/div>\n        <\/div>\n      <\/div>\n    <\/div>\n  <\/div>\n  <div data-colibri-component=\"section\" data-colibri-id=\"555-c30\" id=\"custom-2\" class=\"h-section h-section-global-spacing d-flex align-items-lg-center align-items-md-center align-items-center style-790 style-local-555-c30 position-relative\">\n    <!---->\n    <!---->\n    <div class=\"h-section-grid-container h-section-boxed-container\">\n      <!---->\n      <div data-colibri-id=\"555-c31\" class=\"h-row-container gutters-row-lg-2 gutters-row-md-2 gutters-row-0 gutters-row-v-lg-2 gutters-row-v-md-2 gutters-row-v-2 style-791 style-local-555-c31 position-relative\">\n        <!---->\n        <div class=\"h-row justify-content-lg-center justify-content-md-center justify-content-center align-items-lg-stretch align-items-md-stretch align-items-stretch gutters-col-lg-2 gutters-col-md-2 gutters-col-0 gutters-col-v-lg-2 gutters-col-v-md-2 gutters-col-v-2\">\n          <!---->\n          <div class=\"h-column h-column-container d-flex h-col-lg-auto h-col-md-auto h-col-auto style-792-outer style-local-555-c32-outer\">\n            <div data-colibri-id=\"555-c32\" class=\"d-flex h-flex-basis h-column__inner h-px-lg-2 h-px-md-2 h-px-2 v-inner-lg-2 v-inner-md-2 v-inner-2 style-792 style-local-555-c32 position-relative\">\n              <!---->\n              <!---->\n              <div class=\"w-100 h-y-container h-column__content h-column__v-align flex-basis-100 align-self-lg-start align-self-md-start align-self-start\">\n                <!---->\n                <div data-colibri-id=\"555-c34\" class=\"h-text h-text-component style-794 style-local-555-c34 position-relative h-element\">\n                  <!---->\n                  <!---->\n                  <div class=\"\">\n                    <p>primer director en la sede zacatecana, mand\u00f3 colocar una leyenda en el frontispicio del nuevo edificio escolar que marcar\u00eda su principal orientaci\u00f3n: \u201cPueblo, entra, \u00e9sta es tu casa\u201d (Zacatecas, 1971).&nbsp;<\/p>\n                    <p>En 1931 se gradu\u00f3 la primera generaci\u00f3n de maestro rurales en tierras zacatecanas, compuesta por once alumnos: cuatro mujeres y siete hombres. Al a\u00f1o siguiente aument\u00f3 su matr\u00edcula a 68 estudiantes: 40 hombres y 28 mujeres, originarios\n                      de Durango, Aguascalientes y Zacatecas. La SEP cubr\u00eda 60 becas, el resto las gestion\u00f3 el director.<\/p>\n                    <p>La escuela era sencilla, estructuralmente d\u00e9bil con constantes aver\u00edas y derrumbes, inmersa en un conflicto pol\u00edtico entre militantes del Partido Laborista (PL) y del Partido Nacional&nbsp;Revolucionario (PNR) que hac\u00edan incierto su\n                      futuro en esa regi\u00f3n. El 21 de febrero de 1933, durante su tercer a\u00f1o de vida, la NR de R\u00edo Grande recibi\u00f3 una carta del Departamento de Ense\u00f1anza Agr\u00edcola y Normal Rural -\u00f3rgano administrador de las NR-, en \u00e9sta, Manuel Mesa Andraca,\n                      Jefe del departamento, pide al Director un informe respecto a las posibilidades (edificios, tierras de riego y temporal, demograf\u00eda campesina) en R\u00edo Grande para transformarla en Regional Campesina -proyecto educativo rural cumbre\n                      del cardenismo-, teniendo en cuenta los elementos de que dispone en la actualidad y de los que pudiera obtenerse para llevar a cabo dicho proyecto (AGN, 1933).&nbsp;<\/p>\n                    <p>Enterado del proyecto propuesto por la SEP de transformaci\u00f3n de Normales Rurales a Regionales Campesinas, el gobernador Gral. Mat\u00edas Ramos Santos y el director de la Direcci\u00f3n Federal de Educaci\u00f3n en la entidad, Jacinto Maldonado,\n                      comunicaron a la SEP que pose\u00edan un lugar con las condiciones necesarias para la nueva instituci\u00f3n en una sede distinta: la ex hacienda de San Marcos, en la regi\u00f3n de Bimbaletes, al sureste de la entidad.&nbsp;<\/p>\n                    <p>Respecto a las tierras que tendr\u00eda para cultivo, informaron que contaba con una zona de protecci\u00f3n de 100 hect\u00e1reas de terreno de riego, de \u00e9stas 15 eran de frutales, y contaba con agua propia, almacenamiento acu\u00edfero distribuido en\n                      dos presas. La mayor excede por mucho el valor que se hab\u00eda fijado por la finca y zona de protecci\u00f3n. Su cortina no es menor a 250 metros de ancho por 70 u 80 de alto y una extensi\u00f3n de varios kil\u00f3metros (AGN, 1933). A\u00f1o con a\u00f1o\n                      llenaba su capacidad, con ello se logran rendimientos productivos en las tierras de la zona perif\u00e9rica.&nbsp;<\/p>\n                    <p>Adem\u00e1s, -se\u00f1alaba- en los terrenos sobresale, airosa, una finca en magn\u00edfico estado: la casa grande. La fachada es de cantera color ocre. La conforman amplios departamentos yenormes pasillos, capaces de albergar c\u00f3modamente una cantidad\n                      entre 150 y 200 estudiantes. Previendo las condiciones sociales, identifican un ambiente positivo para la Escuela Regional Campesina, y lo que representa pol\u00edticamente. A su alrededor habitan por lo menos cinco mil campesinos propietarios,\n                      clasificados en tres grupos: ejidatarios, parcelarios y peque\u00f1os propietarios, con un m\u00ednimo de ocho hect\u00e1reas cada uno.&nbsp;<\/p>\n                    <p>\n                      <br>\n                    <\/p>\n                    <p>\n                      <br>\n                    <\/p>\n                  <\/div>\n                <\/div>\n              <\/div>\n            <\/div>\n          <\/div>\n          <div class=\"h-column h-column-container d-flex h-col-lg-auto h-col-md-auto h-col-auto style-793-outer style-local-555-c33-outer\">\n            <div data-colibri-id=\"555-c33\" class=\"d-flex h-flex-basis h-column__inner h-px-lg-2 h-px-md-2 h-px-2 v-inner-lg-2 v-inner-md-2 v-inner-2 style-793 style-local-555-c33 position-relative\">\n              <!---->\n              <!---->\n              <div class=\"w-100 h-y-container h-column__content h-column__v-align flex-basis-100 align-self-lg-start align-self-md-start align-self-start\">\n                <!---->\n                <div data-colibri-id=\"555-c35\" class=\"h-text h-text-component style-795 style-local-555-c35 position-relative h-element\">\n                  <!---->\n                  <!---->\n                  <div class=\"\">\n                    <p>El 18 de agosto de 1933 las autoridades federales avisan al director Manuel Mesa Andraca, que la decisi\u00f3n hab\u00eda sido tomada, la NR pasar\u00eda del norte al sureste del estado, de R\u00edo Grande a San Marcos.&nbsp;<\/p>\n                    <p>El domingo 3 de septiembre, luego de un viaje sin mayores novedades, 80 alumnos, acompa\u00f1ados de sus maestros, son recibidos por el barullo de campesinos del Valle de Loreto (Morales, 2018, p\u00e1g. 163). Campesinos de todo el baj\u00edo -con\n                      poca presencia de lugare\u00f1os de San Marcos-, con sencillos carretones (Bravo, 2007), otros con algunos burros y caballos, o simplemente con su fuerza de voluntad, recogieron a los nuevos inquilinos, los estudiantes en su mayor\u00eda hicieron\n                      caminando el primer recorrido de la estaci\u00f3n de tren Loreto a la nueva morada en la ex hacienda de San Marcos. Sorpresa y entusiasmo les desprende a los nuevos inquilinos, la doble alameda de m\u00e1s de un kil\u00f3metro de extensi\u00f3n, intercalada\n                      de frondosos fresnos, cultivada y llena de vida celosamente por la hacienda.<\/p>\n                    <p>Su llegada al sureste Zacatecano convirti\u00f3 a la NR en la instituci\u00f3n educativa m\u00e1s importante fuera de la capital, no pocos la conocieron como la Atenas Cultural del sureste, r\u00e1pido se nutri\u00f3 de j\u00f3venes de los municipios colindantes\n                      e incluso de diversos estados de la rep\u00fablica. A partir de 1934 es transformada de Normal Rural a Regional Campesina (AHENRGMRS, 1934). El t\u00e9rmino \u201cregional\u201d obedece al rango de su acci\u00f3n que, alcanza los 200 km a la redonda; \u00e9sa\n                      es su zona de influencia y por ello la llaman la Regional Campesina del Centro; su campo de experimentaci\u00f3n fueron los estados de Aguascalientes y Zacatecas, de manera especial sus poblados y sus escuelas.&nbsp;<\/p>\n                    <p>Quien fuera director de la NR en 1953, el Profr. Jos\u00e9 Santos Vald\u00e9s le asigna el nombre de su gestor, el general Mat\u00edas Ramos a la transformada -nuevamente- en NR durante el gobierno de Manuel \u00c1vila Camacho. La Escuela Normal Rural\n                      \u201cGral. Mat\u00edas Ramos Santos\u201d representa tres sedes: San Juan del R\u00edo, Quer\u00e9taro; R\u00edo Grande y San Marcos, Zacatecas, una instituci\u00f3n; tres periodos y un proceso. Una historia en tres momentos, 1926, 1930 y 1933.&nbsp;<\/p>\n                    <p>Hoy son atendidos cerca de 540 estudiantes (mujeres y hombres) por 52 docentes en la NR zacatecana. Escuela que manifiesta una noble y generosa historia que ha entregado cerca de cinco mil maestros rurales procedentes no s\u00f3lo del estado\n                      de Zacatecas, sino de otros como: Coahuila, Durango, Chihuahua, Baja California, Aguascalientes, San Luis Potos\u00ed, Nuevo Le\u00f3n, Nayarit, Jalisco, Guerrero, Puebla, Estado de M\u00e9xico, Colima, Oaxaca, Quer\u00e9taro, Morelos, Hidalgo, Tamaulipas,\n                      Michoac\u00e1n, Tlaxcala, Veracruz, Yucat\u00e1n, Quintana Roo. Diseminados por la geograf\u00eda nacional, caracterizados por el profundo sentido de responsabilidad y sensibilidad social; de sus aulas han egresado destacados acad\u00e9micos, pol\u00edticos\n                      (en todos niveles: presidentes municipales, diputados locales y federales, senadores, gobernadores), luchadores sociales y sindicalistas, promotores de las artes pl\u00e1sticas, maestros rurales entregados a un esfuerzo com\u00fan, educar\n                      por cada rinc\u00f3n de M\u00e9xico.<\/p>\n                    <p>\n                      <br>\n                    <\/p>\n                  <\/div>\n                <\/div>\n              <\/div>\n            <\/div>\n          <\/div>\n        <\/div>\n      <\/div>\n    <\/div>\n  <\/div>\n<\/div><div class=\"pvc_clear\"><\/div><p id=\"pvc_stats_555\" class=\"pvc_stats all  \" data-element-id=\"555\" style=\"\"><i class=\"pvc-stats-icon medium\" aria-hidden=\"true\"><svg aria-hidden=\"true\" focusable=\"false\" data-prefix=\"far\" data-icon=\"chart-bar\" role=\"img\" xmlns=\"http:\/\/www.w3.org\/2000\/svg\" viewBox=\"0 0 512 512\" class=\"svg-inline--fa fa-chart-bar fa-w-16 fa-2x\"><path fill=\"currentColor\" d=\"M396.8 352h22.4c6.4 0 12.8-6.4 12.8-12.8V108.8c0-6.4-6.4-12.8-12.8-12.8h-22.4c-6.4 0-12.8 6.4-12.8 12.8v230.4c0 6.4 6.4 12.8 12.8 12.8zm-192 0h22.4c6.4 0 12.8-6.4 12.8-12.8V140.8c0-6.4-6.4-12.8-12.8-12.8h-22.4c-6.4 0-12.8 6.4-12.8 12.8v198.4c0 6.4 6.4 12.8 12.8 12.8zm96 0h22.4c6.4 0 12.8-6.4 12.8-12.8V204.8c0-6.4-6.4-12.8-12.8-12.8h-22.4c-6.4 0-12.8 6.4-12.8 12.8v134.4c0 6.4 6.4 12.8 12.8 12.8zM496 400H48V80c0-8.84-7.16-16-16-16H16C7.16 64 0 71.16 0 80v336c0 17.67 14.33 32 32 32h464c8.84 0 16-7.16 16-16v-16c0-8.84-7.16-16-16-16zm-387.2-48h22.4c6.4 0 12.8-6.4 12.8-12.8v-70.4c0-6.4-6.4-12.8-12.8-12.8h-22.4c-6.4 0-12.8 6.4-12.8 12.8v70.4c0 6.4 6.4 12.8 12.8 12.8z\" class=\"\"><\/path><\/svg><\/i> <img decoding=\"async\" width=\"16\" height=\"16\" alt=\"Loading\" src=\"https:\/\/cimemorianormalismo.com.mx\/wp-content\/plugins\/page-views-count\/ajax-loader-2x.gif\" border=0 \/><\/p><div class=\"pvc_clear\"><\/div>","protected":false},"excerpt":{"rendered":"<p>La escuela Normal Rural \u201cGral. Mat\u00edas Ramos Santos\u201d de San Marcos, Loreto, Zacatecas, inicia funciones en su actual ubicaci\u00f3n el 3 de septiembre de 1933, cuenta con 90 a\u00f1os ininterrumpidos [&hellip;]<\/p>\n<div class=\"pvc_clear\"><\/div>\n<p id=\"pvc_stats_555\" class=\"pvc_stats all  \" data-element-id=\"555\" style=\"\"><i class=\"pvc-stats-icon medium\" aria-hidden=\"true\"><svg aria-hidden=\"true\" focusable=\"false\" data-prefix=\"far\" data-icon=\"chart-bar\" role=\"img\" xmlns=\"http:\/\/www.w3.org\/2000\/svg\" viewBox=\"0 0 512 512\" class=\"svg-inline--fa fa-chart-bar fa-w-16 fa-2x\"><path fill=\"currentColor\" d=\"M396.8 352h22.4c6.4 0 12.8-6.4 12.8-12.8V108.8c0-6.4-6.4-12.8-12.8-12.8h-22.4c-6.4 0-12.8 6.4-12.8 12.8v230.4c0 6.4 6.4 12.8 12.8 12.8zm-192 0h22.4c6.4 0 12.8-6.4 12.8-12.8V140.8c0-6.4-6.4-12.8-12.8-12.8h-22.4c-6.4 0-12.8 6.4-12.8 12.8v198.4c0 6.4 6.4 12.8 12.8 12.8zm96 0h22.4c6.4 0 12.8-6.4 12.8-12.8V204.8c0-6.4-6.4-12.8-12.8-12.8h-22.4c-6.4 0-12.8 6.4-12.8 12.8v134.4c0 6.4 6.4 12.8 12.8 12.8zM496 400H48V80c0-8.84-7.16-16-16-16H16C7.16 64 0 71.16 0 80v336c0 17.67 14.33 32 32 32h464c8.84 0 16-7.16 16-16v-16c0-8.84-7.16-16-16-16zm-387.2-48h22.4c6.4 0 12.8-6.4 12.8-12.8v-70.4c0-6.4-6.4-12.8-12.8-12.8h-22.4c-6.4 0-12.8 6.4-12.8 12.8v70.4c0 6.4 6.4 12.8 12.8 12.8z\" class=\"\"><\/path><\/svg><\/i> <img decoding=\"async\" width=\"16\" height=\"16\" alt=\"Loading\" src=\"https:\/\/cimemorianormalismo.com.mx\/wp-content\/plugins\/page-views-count\/ajax-loader-2x.gif\" border=0 \/><\/p>\n<div class=\"pvc_clear\"><\/div>\n","protected":false},"author":2,"featured_media":0,"parent":0,"menu_order":0,"comment_status":"closed","ping_status":"closed","template":"page-templates\/full-width-page.php","meta":{"_monsterinsights_skip_tracking":false,"_monsterinsights_sitenote_active":false,"_monsterinsights_sitenote_note":"","_monsterinsights_sitenote_category":0,"footnotes":""},"class_list":["post-555","page","type-page","status-publish","hentry"],"a3_pvc":{"activated":true,"total_views":225,"today_views":0},"_links":{"self":[{"href":"https:\/\/cimemorianormalismo.com.mx\/index.php\/wp-json\/wp\/v2\/pages\/555","targetHints":{"allow":["GET"]}}],"collection":[{"href":"https:\/\/cimemorianormalismo.com.mx\/index.php\/wp-json\/wp\/v2\/pages"}],"about":[{"href":"https:\/\/cimemorianormalismo.com.mx\/index.php\/wp-json\/wp\/v2\/types\/page"}],"author":[{"embeddable":true,"href":"https:\/\/cimemorianormalismo.com.mx\/index.php\/wp-json\/wp\/v2\/users\/2"}],"replies":[{"embeddable":true,"href":"https:\/\/cimemorianormalismo.com.mx\/index.php\/wp-json\/wp\/v2\/comments?post=555"}],"version-history":[{"count":4,"href":"https:\/\/cimemorianormalismo.com.mx\/index.php\/wp-json\/wp\/v2\/pages\/555\/revisions"}],"predecessor-version":[{"id":578,"href":"https:\/\/cimemorianormalismo.com.mx\/index.php\/wp-json\/wp\/v2\/pages\/555\/revisions\/578"}],"wp:attachment":[{"href":"https:\/\/cimemorianormalismo.com.mx\/index.php\/wp-json\/wp\/v2\/media?parent=555"}],"curies":[{"name":"wp","href":"https:\/\/api.w.org\/{rel}","templated":true}]}}