{"id":506,"date":"2023-06-27T21:34:41","date_gmt":"2023-06-27T21:34:41","guid":{"rendered":"https:\/\/cimemorianormalismo.com.mx\/?page_id=506"},"modified":"2023-06-27T23:05:50","modified_gmt":"2023-06-27T23:05:50","slug":"vinculacion-al-plan-de-desarrollo-institucional-pdi","status":"publish","type":"page","link":"https:\/\/cimemorianormalismo.com.mx\/index.php\/vinculacion-al-plan-de-desarrollo-institucional-pdi\/","title":{"rendered":"Vinculaci\u00f3n al Plan de Desarrollo Institucional (PDI)"},"content":{"rendered":"<div data-colibri-id=\"506-c1\" class=\"style-729 style-local-506-c1 position-relative\">\n  <!---->\n  <div data-colibri-component=\"section\" data-colibri-id=\"506-c2\" id=\"custom\" class=\"h-section h-section-global-spacing d-flex align-items-lg-center align-items-md-center align-items-center style-730 style-local-506-c2 position-relative\">\n    <!---->\n    <!---->\n    <div class=\"h-section-grid-container h-section-boxed-container\">\n      <!---->\n      <div data-colibri-id=\"506-c3\" class=\"h-row-container gutters-row-lg-2 gutters-row-md-2 gutters-row-0 gutters-row-v-lg-2 gutters-row-v-md-2 gutters-row-v-2 style-731 style-local-506-c3 position-relative\">\n        <!---->\n        <div class=\"h-row justify-content-lg-center justify-content-md-center justify-content-center align-items-lg-stretch align-items-md-stretch align-items-stretch gutters-col-lg-2 gutters-col-md-2 gutters-col-0 gutters-col-v-lg-2 gutters-col-v-md-2 gutters-col-v-2\">\n          <!---->\n          <div class=\"h-column h-column-container d-flex h-col-lg-auto h-col-md-auto h-col-auto style-732-outer style-local-506-c4-outer\">\n            <div data-colibri-id=\"506-c4\" class=\"d-flex h-flex-basis h-column__inner h-px-lg-2 h-px-md-2 h-px-2 v-inner-lg-2 v-inner-md-2 v-inner-2 style-732 style-local-506-c4 position-relative\">\n              <!---->\n              <!---->\n              <div class=\"w-100 h-y-container h-column__content h-column__v-align flex-basis-100 align-self-lg-start align-self-md-start align-self-start\">\n                <!---->\n                <div data-colibri-id=\"506-c6\" class=\"h-text h-text-component style-734 style-local-506-c6 position-relative h-element\">\n                  <!---->\n                  <!---->\n                  <div class=\"\">\n                    <p>El Plan de Desarrollo Institucional establece en sus pol\u00edticas el impulso a la rendici\u00f3n de cuentas del desempe\u00f1o acad\u00e9mico y administrativo con relaci\u00f3n a los recursos y beneficios institucionales. Los protocolos, reglamentos y legislaci\u00f3n\n                      de archivos a los que se sujeta el Archivo Hist\u00f3rico Institucional acatan los principios de transparencia y rendici\u00f3n de cuentas, adem\u00e1s de la preservaci\u00f3n, resguardo y difusi\u00f3n de la memoria hist\u00f3rica de la Escuela Normal Rural.\n                      Al ser el repositorio m\u00e1s amplio y longevo en la instituci\u00f3n, asume un papel prioritario en la fortaleza del Plan de Desarrollo Institucional (PDI).&nbsp;<\/p>\n                    <p>El Archivo Hist\u00f3rico de la Instituci\u00f3n orienta sus prop\u00f3sitos y objetivos bajo lo instituido en la Visi\u00f3n de la Escuela Normal Rural \u201cGral. Mat\u00edas Ramos Santos\u201d, que establece:&nbsp;<\/p>\n                    <p>Para el 2030 la Normal Rural se consolidar\u00e1 como referente nacional con oferta educativa de calidad, creatividad y responsabilidad que impulsa la formaci\u00f3n inicial y continua de profesionistas comprometidos con la excelencia, innovaci\u00f3n\n                      y liderazgo. De igual manera,<\/p>\n                    <p>\n                      <br>\n                    <\/p>\n                  <\/div>\n                <\/div>\n              <\/div>\n            <\/div>\n          <\/div>\n          <div class=\"h-column h-column-container d-flex h-col-lg-auto h-col-md-auto h-col-auto style-733-outer style-local-506-c5-outer\">\n            <div data-colibri-id=\"506-c5\" class=\"d-flex h-flex-basis h-column__inner h-px-lg-2 h-px-md-2 h-px-2 v-inner-lg-2 v-inner-md-2 v-inner-2 style-733 style-local-506-c5 position-relative\">\n              <!---->\n              <!---->\n              <div class=\"w-100 h-y-container h-column__content h-column__v-align flex-basis-100 align-self-lg-start align-self-md-start align-self-start\">\n                <!---->\n                <div data-colibri-id=\"506-c7\" class=\"h-text h-text-component style-735 style-local-506-c7 position-relative h-element\">\n                  <!---->\n                  <!---->\n                  <div class=\"\">\n                    <p>al vincularse al fortalecimiento de la formaci\u00f3n profesional integral del estudiante, descrita en la l\u00ednea de acci\u00f3n: impulsar el sentido de pertenencia en la comunidad normalista, elevando el esp\u00edritu Sanmarque\u00f1o enalteciendo la \u00e9tica,\n                      la cultura y el deporte, vinculados a la sociedad y a los valores y principios institucionales.&nbsp;<\/p>\n                    <p>El desarrollo de diversas actividades acad\u00e9micas vinculadas al Archivo Hist\u00f3rico y la historia como disciplina, enriquecen el proceso formativo del estudiante, quien comprende que la historia contribuye al desarrollo de las identidades\n                      mediante el an\u00e1lisis cr\u00edtico del pasado y del presente. As\u00ed como del estudio de las fuentes primarias y secundarias y su importancia para el aprendizaje de la historia. Fortalece los aprendizajes respecto al sentido \u00e9tico, la responsabilidad\n                      social, el pensamiento cr\u00edtico y creativo, as\u00ed como la integridad en el quehacer profesional, en suma, permite comprender el proceso de construcci\u00f3n de una profesi\u00f3n y el legado del normalismo rural del cual es depositario. Tal como\n                      la Visi\u00f3n se\u00f1ala: para 2030 el AHI se consolidar\u00e1 como referente nacional de preservaci\u00f3n, ordenamiento y difusi\u00f3n de la educaci\u00f3n Normal.<\/p>\n                    <p>\n                      <br>\n                    <\/p>\n                  <\/div>\n                <\/div>\n              <\/div>\n            <\/div>\n          <\/div>\n        <\/div>\n      <\/div>\n    <\/div>\n  <\/div>\n  <div data-colibri-component=\"section\" data-colibri-id=\"506-c8\" id=\"custom-2\" class=\"h-section h-section-global-spacing d-flex align-items-lg-center align-items-md-center align-items-center style-736 style-local-506-c8 position-relative\">\n    <!---->\n    <!---->\n    <div class=\"h-section-grid-container h-section-boxed-container\">\n      <!---->\n      <div data-colibri-id=\"506-c11\" class=\"h-row-container gutters-row-lg-2 gutters-row-md-2 gutters-row-0 gutters-row-v-lg-2 gutters-row-v-md-2 gutters-row-v-2 style-739 style-local-506-c11 position-relative\">\n        <!---->\n        <div class=\"h-row justify-content-lg-center justify-content-md-center justify-content-center align-items-lg-stretch align-items-md-stretch align-items-stretch gutters-col-lg-2 gutters-col-md-2 gutters-col-0 gutters-col-v-lg-2 gutters-col-v-md-2 gutters-col-v-2\">\n          <!---->\n          <div class=\"h-column h-column-container d-flex h-col-lg-auto h-col-md-auto h-col-auto style-740-outer style-local-506-c12-outer\">\n            <div data-colibri-id=\"506-c12\" class=\"d-flex h-flex-basis h-column__inner h-px-lg-2 h-px-md-2 h-px-2 v-inner-lg-2 v-inner-md-2 v-inner-2 style-740 style-local-506-c12 position-relative\">\n              <!---->\n              <!---->\n              <div class=\"w-100 h-y-container h-column__content h-column__v-align flex-basis-100 align-self-lg-start align-self-md-start align-self-start\">\n                <!---->\n                <div data-colibri-id=\"506-c13\" class=\"d-block style-741 style-local-506-c13 position-relative h-element\">\n                  <!---->\n                  <div class=\"h-image__frame-container-outer\">\n                    <div class=\"h-image__frame-container\">\n                      <!---->\n                      <!---->\n                      <img fetchpriority=\"high\" decoding=\"async\" width=\"800\" height=\"2000\" src=\"https:\/\/cimemorianormalismo.com.mx\/wp-content\/uploads\/2023\/06\/Normativa-de-operacion.png\" class=\"wp-image-509 style-741-image style-local-506-c13-image\" alt=\"\" srcset=\"https:\/\/cimemorianormalismo.com.mx\/wp-content\/uploads\/2023\/06\/Normativa-de-operacion.png 800w, https:\/\/cimemorianormalismo.com.mx\/wp-content\/uploads\/2023\/06\/Normativa-de-operacion-120x300.png 120w, https:\/\/cimemorianormalismo.com.mx\/wp-content\/uploads\/2023\/06\/Normativa-de-operacion-410x1024.png 410w, https:\/\/cimemorianormalismo.com.mx\/wp-content\/uploads\/2023\/06\/Normativa-de-operacion-768x1920.png 768w, https:\/\/cimemorianormalismo.com.mx\/wp-content\/uploads\/2023\/06\/Normativa-de-operacion-614x1536.png 614w\" sizes=\"(max-width: 800px) 100vw, 800px\" \/>\n                      <div class=\"h-image__frame h-hide-lg h-hide-md h-hide-sm style-741-frameImage style-local-506-c13-frameImage\"><\/div>\n                    <\/div>\n                  <\/div>\n                <\/div>\n              <\/div>\n            <\/div>\n          <\/div>\n        <\/div>\n      <\/div>\n    <\/div>\n  <\/div>\n  <div data-colibri-component=\"section\" data-colibri-id=\"506-c38\" id=\"custom-3\" class=\"h-section h-section-global-spacing d-flex align-items-lg-center align-items-md-center align-items-center style-754 style-local-506-c38 position-relative\">\n    <!---->\n    <!---->\n    <div class=\"h-section-grid-container h-section-boxed-container\">\n      <!---->\n      <div data-colibri-id=\"506-c39\" class=\"h-row-container gutters-row-lg-2 gutters-row-md-2 gutters-row-0 gutters-row-v-lg-2 gutters-row-v-md-2 gutters-row-v-2 style-755 style-local-506-c39 position-relative\">\n        <!---->\n        <div class=\"h-row justify-content-lg-center justify-content-md-center justify-content-center align-items-lg-stretch align-items-md-stretch align-items-stretch gutters-col-lg-2 gutters-col-md-2 gutters-col-0 gutters-col-v-lg-2 gutters-col-v-md-2 gutters-col-v-2\">\n          <!---->\n          <div class=\"h-column h-column-container d-flex h-col-lg-auto h-col-md-auto h-col-auto style-756-outer style-local-506-c40-outer\">\n            <div data-colibri-id=\"506-c40\" class=\"d-flex h-flex-basis h-column__inner h-px-lg-2 h-px-md-2 h-px-2 v-inner-lg-2 v-inner-md-2 v-inner-2 style-756 style-local-506-c40 position-relative\">\n              <!---->\n              <!---->\n              <div class=\"w-100 h-y-container h-column__content h-column__v-align flex-basis-100 align-self-lg-start align-self-md-start align-self-start\">\n                <!---->\n                <div data-colibri-id=\"506-c42\" class=\"d-block style-758 style-local-506-c42 position-relative h-element\">\n                  <!---->\n                  <div class=\"h-image__frame-container-outer\">\n                    <div class=\"h-image__frame-container\">\n                      <!---->\n                      <!---->\n                      <img decoding=\"async\" width=\"1414\" height=\"2000\" src=\"http:\/\/cimemorianormalismo.com.mx\/wp-content\/uploads\/2023\/06\/indice.png\" class=\"wp-image-517 style-758-image style-local-506-c42-image\" alt=\"\" srcset=\"https:\/\/cimemorianormalismo.com.mx\/wp-content\/uploads\/2023\/06\/indice.png 1414w, https:\/\/cimemorianormalismo.com.mx\/wp-content\/uploads\/2023\/06\/indice-212x300.png 212w, https:\/\/cimemorianormalismo.com.mx\/wp-content\/uploads\/2023\/06\/indice-724x1024.png 724w, https:\/\/cimemorianormalismo.com.mx\/wp-content\/uploads\/2023\/06\/indice-768x1086.png 768w, https:\/\/cimemorianormalismo.com.mx\/wp-content\/uploads\/2023\/06\/indice-1086x1536.png 1086w\" sizes=\"(max-width: 1414px) 100vw, 1414px\" \/>\n                      <div class=\"h-image__frame h-hide-lg h-hide-md h-hide-sm style-758-frameImage style-local-506-c42-frameImage\"><\/div>\n                    <\/div>\n                  <\/div>\n                <\/div>\n              <\/div>\n            <\/div>\n          <\/div>\n        <\/div>\n      <\/div>\n    <\/div>\n  <\/div>\n<\/div><div class=\"pvc_clear\"><\/div><p id=\"pvc_stats_506\" class=\"pvc_stats all  \" data-element-id=\"506\" style=\"\"><i class=\"pvc-stats-icon medium\" aria-hidden=\"true\"><svg aria-hidden=\"true\" focusable=\"false\" data-prefix=\"far\" data-icon=\"chart-bar\" role=\"img\" xmlns=\"http:\/\/www.w3.org\/2000\/svg\" viewBox=\"0 0 512 512\" class=\"svg-inline--fa fa-chart-bar fa-w-16 fa-2x\"><path fill=\"currentColor\" d=\"M396.8 352h22.4c6.4 0 12.8-6.4 12.8-12.8V108.8c0-6.4-6.4-12.8-12.8-12.8h-22.4c-6.4 0-12.8 6.4-12.8 12.8v230.4c0 6.4 6.4 12.8 12.8 12.8zm-192 0h22.4c6.4 0 12.8-6.4 12.8-12.8V140.8c0-6.4-6.4-12.8-12.8-12.8h-22.4c-6.4 0-12.8 6.4-12.8 12.8v198.4c0 6.4 6.4 12.8 12.8 12.8zm96 0h22.4c6.4 0 12.8-6.4 12.8-12.8V204.8c0-6.4-6.4-12.8-12.8-12.8h-22.4c-6.4 0-12.8 6.4-12.8 12.8v134.4c0 6.4 6.4 12.8 12.8 12.8zM496 400H48V80c0-8.84-7.16-16-16-16H16C7.16 64 0 71.16 0 80v336c0 17.67 14.33 32 32 32h464c8.84 0 16-7.16 16-16v-16c0-8.84-7.16-16-16-16zm-387.2-48h22.4c6.4 0 12.8-6.4 12.8-12.8v-70.4c0-6.4-6.4-12.8-12.8-12.8h-22.4c-6.4 0-12.8 6.4-12.8 12.8v70.4c0 6.4 6.4 12.8 12.8 12.8z\" class=\"\"><\/path><\/svg><\/i> <img decoding=\"async\" width=\"16\" height=\"16\" alt=\"Loading\" src=\"https:\/\/cimemorianormalismo.com.mx\/wp-content\/plugins\/page-views-count\/ajax-loader-2x.gif\" border=0 \/><\/p><div class=\"pvc_clear\"><\/div>","protected":false},"excerpt":{"rendered":"<p>El Plan de Desarrollo Institucional establece en sus pol\u00edticas el impulso a la rendici\u00f3n de cuentas del desempe\u00f1o acad\u00e9mico y administrativo con relaci\u00f3n a los recursos y beneficios institucionales. Los [&hellip;]<\/p>\n<div class=\"pvc_clear\"><\/div>\n<p id=\"pvc_stats_506\" class=\"pvc_stats all  \" data-element-id=\"506\" style=\"\"><i class=\"pvc-stats-icon medium\" aria-hidden=\"true\"><svg aria-hidden=\"true\" focusable=\"false\" data-prefix=\"far\" data-icon=\"chart-bar\" role=\"img\" xmlns=\"http:\/\/www.w3.org\/2000\/svg\" viewBox=\"0 0 512 512\" class=\"svg-inline--fa fa-chart-bar fa-w-16 fa-2x\"><path fill=\"currentColor\" d=\"M396.8 352h22.4c6.4 0 12.8-6.4 12.8-12.8V108.8c0-6.4-6.4-12.8-12.8-12.8h-22.4c-6.4 0-12.8 6.4-12.8 12.8v230.4c0 6.4 6.4 12.8 12.8 12.8zm-192 0h22.4c6.4 0 12.8-6.4 12.8-12.8V140.8c0-6.4-6.4-12.8-12.8-12.8h-22.4c-6.4 0-12.8 6.4-12.8 12.8v198.4c0 6.4 6.4 12.8 12.8 12.8zm96 0h22.4c6.4 0 12.8-6.4 12.8-12.8V204.8c0-6.4-6.4-12.8-12.8-12.8h-22.4c-6.4 0-12.8 6.4-12.8 12.8v134.4c0 6.4 6.4 12.8 12.8 12.8zM496 400H48V80c0-8.84-7.16-16-16-16H16C7.16 64 0 71.16 0 80v336c0 17.67 14.33 32 32 32h464c8.84 0 16-7.16 16-16v-16c0-8.84-7.16-16-16-16zm-387.2-48h22.4c6.4 0 12.8-6.4 12.8-12.8v-70.4c0-6.4-6.4-12.8-12.8-12.8h-22.4c-6.4 0-12.8 6.4-12.8 12.8v70.4c0 6.4 6.4 12.8 12.8 12.8z\" class=\"\"><\/path><\/svg><\/i> <img decoding=\"async\" width=\"16\" height=\"16\" alt=\"Loading\" src=\"https:\/\/cimemorianormalismo.com.mx\/wp-content\/plugins\/page-views-count\/ajax-loader-2x.gif\" border=0 \/><\/p>\n<div class=\"pvc_clear\"><\/div>\n","protected":false},"author":2,"featured_media":0,"parent":0,"menu_order":0,"comment_status":"closed","ping_status":"closed","template":"page-templates\/full-width-page.php","meta":{"_monsterinsights_skip_tracking":false,"_monsterinsights_sitenote_active":false,"_monsterinsights_sitenote_note":"","_monsterinsights_sitenote_category":0,"footnotes":""},"class_list":["post-506","page","type-page","status-publish","hentry"],"a3_pvc":{"activated":true,"total_views":67,"today_views":0},"_links":{"self":[{"href":"https:\/\/cimemorianormalismo.com.mx\/index.php\/wp-json\/wp\/v2\/pages\/506","targetHints":{"allow":["GET"]}}],"collection":[{"href":"https:\/\/cimemorianormalismo.com.mx\/index.php\/wp-json\/wp\/v2\/pages"}],"about":[{"href":"https:\/\/cimemorianormalismo.com.mx\/index.php\/wp-json\/wp\/v2\/types\/page"}],"author":[{"embeddable":true,"href":"https:\/\/cimemorianormalismo.com.mx\/index.php\/wp-json\/wp\/v2\/users\/2"}],"replies":[{"embeddable":true,"href":"https:\/\/cimemorianormalismo.com.mx\/index.php\/wp-json\/wp\/v2\/comments?post=506"}],"version-history":[{"count":3,"href":"https:\/\/cimemorianormalismo.com.mx\/index.php\/wp-json\/wp\/v2\/pages\/506\/revisions"}],"predecessor-version":[{"id":519,"href":"https:\/\/cimemorianormalismo.com.mx\/index.php\/wp-json\/wp\/v2\/pages\/506\/revisions\/519"}],"wp:attachment":[{"href":"https:\/\/cimemorianormalismo.com.mx\/index.php\/wp-json\/wp\/v2\/media?parent=506"}],"curies":[{"name":"wp","href":"https:\/\/api.w.org\/{rel}","templated":true}]}}